{"id":340,"date":"2023-07-28T19:04:25","date_gmt":"2023-07-28T19:04:25","guid":{"rendered":"https:\/\/www.opsinclusivecounselling.ca\/\/?page_id=340"},"modified":"2026-01-27T23:57:53","modified_gmt":"2026-01-27T23:57:53","slug":"about","status":"publish","type":"page","link":"https:\/\/www.opsinclusivecounselling.ca\/fr\/about\/","title":{"rendered":"\u00c0 propos"},"content":{"rendered":"<p><div class=\"fusion-fullwidth fullwidth-box fusion-builder-row-1 fusion-flex-container has-pattern-background has-mask-background nonhundred-percent-fullwidth non-hundred-percent-height-scrolling\" style=\"--awb-background-position:center top;--awb-border-radius-top-left:0px;--awb-border-radius-top-right:0px;--awb-border-radius-bottom-right:0px;--awb-border-radius-bottom-left:0px;--awb-padding-top:46px;--awb-padding-bottom:43px;--awb-margin-bottom:0px;--awb-background-color:#367a76;--awb-flex-wrap:wrap;\" ><div class=\"fusion-builder-row fusion-row fusion-flex-align-items-flex-start fusion-flex-content-wrap\" style=\"max-width:1248px;margin-left: calc(-4% \/ 2 );margin-right: calc(-4% \/ 2 );\"><div class=\"fusion-layout-column fusion_builder_column fusion-builder-column-0 fusion_builder_column_1_1 1_1 fusion-flex-column\" style=\"--awb-bg-size:cover;--awb-width-large:100%;--awb-margin-top-large:0px;--awb-spacing-right-large:1.92%;--awb-margin-bottom-large:0px;--awb-spacing-left-large:1.92%;--awb-width-medium:100%;--awb-order-medium:0;--awb-spacing-right-medium:1.92%;--awb-spacing-left-medium:1.92%;--awb-width-small:100%;--awb-order-small:0;--awb-spacing-right-small:1.92%;--awb-spacing-left-small:1.92%;\"><div class=\"fusion-column-wrapper fusion-column-has-shadow fusion-flex-justify-content-flex-start fusion-content-layout-column\"><nav class=\"fusion-breadcrumbs awb-yoast-breadcrumbs fusion-breadcrumbs-1 bread\" style=\"--awb-margin-bottom:20px;--awb-font-size:15px;--awb-text-color:#ffffff;--awb-breadcrumb-sep:&#039;\u00bb&#039;;\" aria-label=\"Fil d&#039;Ariane\"><span><span><a href=\"https:\/\/www.opsinclusivecounselling.ca\/fr\/\">Page d'accueil<\/a><\/span><\/span><\/nav><div class=\"fusion-text fusion-text-1 titlebar\" style=\"--awb-font-size:40px;--awb-line-height:1.2;--awb-letter-spacing:0.04rem;--awb-text-color:#ffffff;--awb-text-font-family:&quot;Montserrat&quot;;--awb-text-font-style:normal;--awb-text-font-weight:700;\"><h1 class=\"titlebar\">\u00c0 propos des Services de counseling inclusifs FPO<\/h1>\n<\/div><\/div><\/div><\/div><\/div><div class=\"fusion-fullwidth fullwidth-box fusion-builder-row-2 fusion-flex-container has-pattern-background has-mask-background nonhundred-percent-fullwidth non-hundred-percent-height-scrolling\" style=\"--awb-border-radius-top-left:0px;--awb-border-radius-top-right:0px;--awb-border-radius-bottom-right:0px;--awb-border-radius-bottom-left:0px;--awb-padding-top:50px;--awb-padding-bottom:20px;--awb-background-color:rgba(255,247,222,0.55);--awb-flex-wrap:wrap;\" ><div class=\"fusion-builder-row fusion-row fusion-flex-align-items-flex-start fusion-flex-content-wrap\" style=\"max-width:1248px;margin-left: calc(-4% \/ 2 );margin-right: calc(-4% \/ 2 );\"><div class=\"fusion-layout-column fusion_builder_column fusion-builder-column-1 fusion_builder_column_1_1 1_1 fusion-flex-column\" style=\"--awb-bg-size:cover;--awb-width-large:100%;--awb-margin-top-large:0px;--awb-spacing-right-large:1.92%;--awb-margin-bottom-large:15px;--awb-spacing-left-large:1.92%;--awb-width-medium:100%;--awb-order-medium:0;--awb-spacing-right-medium:1.92%;--awb-spacing-left-medium:1.92%;--awb-width-small:100%;--awb-order-small:0;--awb-spacing-right-small:0.96%;--awb-spacing-left-small:0.96%;\"><div class=\"fusion-column-wrapper fusion-column-has-shadow fusion-flex-justify-content-flex-start fusion-content-layout-column\"><div class=\"fusion-text fusion-text-2\" style=\"--awb-font-size:16px;--awb-line-height:1.6;--awb-text-color:#1a1a1a;--awb-text-font-family:&quot;Open Sans&quot;;--awb-text-font-style:normal;--awb-text-font-weight:400;\"><p><strong>Le Programme de services de counseling inclusifs de la fonction publique de l\u2019Ontario n\u2019est pas un service d\u2019intervention en situation de crise.<\/strong> Si vous vivez une crise de sant\u00e9 mentale ou si vous avez besoin d\u2019un soutien imm\u00e9diat, veuillez communiquer imm\u00e9diatement avec le Programme d\u2019aide aux employ\u00e9s et \u00e0 leur famille (PAEF) de l\u2019Ontario au <a href=\"tel:18333711662\">1-833-371-1662<\/a> et TTY : 711.<\/p>\n<\/div><\/div><\/div><\/div><\/div><div class=\"fusion-fullwidth fullwidth-box fusion-builder-row-3 fusion-flex-container has-pattern-background has-mask-background nonhundred-percent-fullwidth non-hundred-percent-height-scrolling\" style=\"--awb-border-radius-top-left:0px;--awb-border-radius-top-right:0px;--awb-border-radius-bottom-right:0px;--awb-border-radius-bottom-left:0px;--awb-padding-top:50px;--awb-padding-bottom:20px;--awb-flex-wrap:wrap;\" ><div class=\"fusion-builder-row fusion-row fusion-flex-align-items-flex-start fusion-flex-content-wrap\" style=\"max-width:1248px;margin-left: calc(-4% \/ 2 );margin-right: calc(-4% \/ 2 );\"><div class=\"fusion-layout-column fusion_builder_column fusion-builder-column-2 fusion_builder_column_1_1 1_1 fusion-flex-column\" style=\"--awb-bg-size:cover;--awb-width-large:100%;--awb-margin-top-large:0px;--awb-spacing-right-large:1.92%;--awb-margin-bottom-large:15px;--awb-spacing-left-large:1.92%;--awb-width-medium:100%;--awb-order-medium:0;--awb-spacing-right-medium:1.92%;--awb-spacing-left-medium:1.92%;--awb-width-small:100%;--awb-order-small:0;--awb-spacing-right-small:0.96%;--awb-spacing-left-small:0.96%;\"><div class=\"fusion-column-wrapper fusion-column-has-shadow fusion-flex-justify-content-flex-start fusion-content-layout-column\"><div class=\"fusion-text fusion-text-3\" style=\"--awb-font-size:16px;--awb-line-height:1.6;--awb-text-color:#1a1a1a;--awb-text-font-family:&quot;Open Sans&quot;;--awb-text-font-style:normal;--awb-text-font-weight:400;\"><p>La cr\u00e9ation d\u2019un lieu de travail o\u00f9 les employ\u00e9s ont un sentiment d\u2019appartenance est un \u00e9l\u00e9ment important de l\u2019am\u00e9lioration des r\u00e9sultats en mati\u00e8re de sant\u00e9 mentale dans la FPO. Pour la FPO, des programmes tels que le Programme des services inclusifs de counseling sont imp\u00e9ratifs pour aider \u00e0 changer notre culture et \u00e0 accro\u00eetre le sentiment d\u2019appartenance dans l\u2019ensemble de l\u2019organisation. Ces derni\u00e8res ann\u00e9es, le besoin de fournir davantage de ressources en mati\u00e8re de sant\u00e9 mentale aux employ\u00e9s de la FPO et aux membres de leur famille, en particulier \u00e0 ceux qui appartiennent \u00e0 des communaut\u00e9s sous-repr\u00e9sent\u00e9es, est devenu de plus en plus \u00e9vident.<\/p>\n<p>Le Programme des services inclusifs de counseling (Programme des SIC) vise \u00e0 r\u00e9pondre \u00e0 ce besoin. Il a \u00e9t\u00e9 con\u00e7u \u00e0 la suite des commentaires formul\u00e9s par de nombreuses communaut\u00e9s de la FPO.<\/p>\n<p>Dans le cadre du Programme des SIC, les employ\u00e9s de la FPO et les membres de leur famille peuvent b\u00e9n\u00e9ficier d\u2019un soutien professionnel et confidentiel qui r\u00e9pond mieux \u00e0 leurs besoins particuliers en mati\u00e8re de sant\u00e9 mentale.<\/p>\n<\/div><\/div><\/div><\/div><\/div><div class=\"fusion-fullwidth fullwidth-box fusion-builder-row-4 fusion-flex-container has-pattern-background has-mask-background nonhundred-percent-fullwidth non-hundred-percent-height-scrolling\" style=\"--awb-border-radius-top-left:0px;--awb-border-radius-top-right:0px;--awb-border-radius-bottom-right:0px;--awb-border-radius-bottom-left:0px;--awb-padding-top:50px;--awb-padding-bottom:40px;--awb-padding-bottom-medium:43px;--awb-background-color:#f2f2f2;--awb-flex-wrap:wrap;\" ><div class=\"fusion-builder-row fusion-row fusion-flex-align-items-flex-start fusion-flex-content-wrap\" style=\"max-width:1248px;margin-left: calc(-4% \/ 2 );margin-right: calc(-4% \/ 2 );\"><div class=\"fusion-layout-column fusion_builder_column fusion-builder-column-3 fusion_builder_column_1_1 1_1 fusion-flex-column\" style=\"--awb-bg-size:cover;--awb-width-large:100%;--awb-margin-top-large:0px;--awb-spacing-right-large:1.92%;--awb-margin-bottom-large:20px;--awb-spacing-left-large:1.92%;--awb-width-medium:100%;--awb-order-medium:0;--awb-spacing-right-medium:1.92%;--awb-spacing-left-medium:1.92%;--awb-width-small:100%;--awb-order-small:0;--awb-spacing-right-small:0.96%;--awb-spacing-left-small:0.96%;\"><div class=\"fusion-column-wrapper fusion-column-has-shadow fusion-flex-justify-content-flex-start fusion-content-layout-column\"><div class=\"fusion-text fusion-text-4\" style=\"--awb-font-size:16px;--awb-line-height:1.6;--awb-text-color:#1a1a1a;--awb-text-font-family:&quot;Open Sans&quot;;--awb-text-font-style:normal;--awb-text-font-weight:400;\"><h2>Le programme a pour objectifs de :<\/h2>\n<\/div><ul style=\"--awb-item-padding-top:0px;--awb-iconcolor:#ffffff;--awb-divider-color:#dddddd;--awb-line-height:27.2px;--awb-icon-width:27.2px;--awb-icon-height:27.2px;--awb-icon-margin:11.2px;--awb-content-margin:38.4px;--awb-circlecolor:#367a76;--awb-circle-yes-font-size:14.08px;\" class=\"fusion-checklist fusion-checklist-1 fusion-checklist-divider type-numbered goals\"><li class=\"fusion-li-item\" style=\"\"><span class=\"icon-wrapper circle-yes\">1<\/span><div class=\"fusion-li-item-content\">Donner acc\u00e8s \u00e0 des conseill\u00e8res et conseillers qui ont les m\u00eames exp\u00e9riences v\u00e9cues et les m\u00eames ant\u00e9c\u00e9dents sociod\u00e9mographiques que les communaut\u00e9s \u00e9tablies au sein de la FPO;<\/div><\/li><li class=\"fusion-li-item\" style=\"\"><span class=\"icon-wrapper circle-yes\">2<\/span><div class=\"fusion-li-item-content\">Rendre encore plus souple la prestation des services de counseling en mati\u00e8re de sant\u00e9 mentale;<\/div><\/li><li class=\"fusion-li-item\" style=\"\"><span class=\"icon-wrapper circle-yes\">3<\/span><div class=\"fusion-li-item-content\">\n<p>Offrir la possibilit\u00e9 d\u2019avoir son mot \u00e0 dire sur la personne qui fournit les services;<\/p>\n<\/div><\/li><li class=\"fusion-li-item\" style=\"\"><span class=\"icon-wrapper circle-yes\">4<\/span><div class=\"fusion-li-item-content\">Aider \u00e0 lever les obstacles syst\u00e9miques et les autres facteurs sociaux qui ont un effet n\u00e9gatif disproportionn\u00e9 sur la sant\u00e9 mentale et le bien-\u00eatre.<\/div><\/li><\/ul><\/div><\/div><\/div><\/div><div class=\"fusion-fullwidth fullwidth-box fusion-builder-row-5 fusion-flex-container has-pattern-background has-mask-background nonhundred-percent-fullwidth non-hundred-percent-height-scrolling\" style=\"--awb-border-radius-top-left:0px;--awb-border-radius-top-right:0px;--awb-border-radius-bottom-right:0px;--awb-border-radius-bottom-left:0px;--awb-padding-top:50px;--awb-padding-bottom:40px;--awb-flex-wrap:wrap;\" ><div class=\"fusion-builder-row fusion-row fusion-flex-align-items-flex-start fusion-flex-content-wrap\" style=\"max-width:1248px;margin-left: calc(-4% \/ 2 );margin-right: calc(-4% \/ 2 );\"><div class=\"fusion-layout-column fusion_builder_column fusion-builder-column-4 fusion_builder_column_1_1 1_1 fusion-flex-column\" style=\"--awb-bg-size:cover;--awb-width-large:100%;--awb-margin-top-large:0px;--awb-spacing-right-large:1.92%;--awb-margin-bottom-large:5px;--awb-spacing-left-large:1.92%;--awb-width-medium:100%;--awb-order-medium:0;--awb-spacing-right-medium:1.92%;--awb-spacing-left-medium:1.92%;--awb-width-small:100%;--awb-order-small:0;--awb-spacing-right-small:0.96%;--awb-spacing-left-small:0.96%;\"><div class=\"fusion-column-wrapper fusion-column-has-shadow fusion-flex-justify-content-flex-start fusion-content-layout-column\"><div class=\"fusion-text fusion-text-5 fusion-text-no-margin\" style=\"--awb-font-size:16px;--awb-line-height:1.6;--awb-text-color:#1a1a1a;--awb-margin-bottom:10px;--awb-text-font-family:&quot;Open Sans&quot;;--awb-text-font-style:normal;--awb-text-font-weight:400;\"><h2 style=\"text-align: left;\">\u00c0 propos de Dalton Associates<\/h2>\n<\/div><div class=\"fusion-image-element\" style=\"--awb-margin-top:0px;--awb-margin-bottom:15px;--awb-max-width:300px;--awb-caption-title-font-family:var(--h2_typography-font-family);--awb-caption-title-font-weight:var(--h2_typography-font-weight);--awb-caption-title-font-style:var(--h2_typography-font-style);--awb-caption-title-size:var(--h2_typography-font-size);--awb-caption-title-transform:var(--h2_typography-text-transform);--awb-caption-title-line-height:var(--h2_typography-line-height);--awb-caption-title-letter-spacing:var(--h2_typography-letter-spacing);\"><span class=\"fusion-imageframe imageframe-none imageframe-1 hover-type-none\"><a class=\"fusion-no-lightbox\" href=\"https:\/\/www.daltonassociates.ca\/\" target=\"_self\" aria-label=\"Logo de Dalton Associates\"><img decoding=\"async\" width=\"2074\" height=\"574\" alt=\"Dalton Associates Logo Image - Click here to visit the Dalton Associates website\" src=\"https:\/\/www.opsinclusivecounselling.ca\/wp-content\/uploads\/2026\/01\/Logo-for-Dalton-Associates.png\" class=\"img-responsive wp-image-2322\" srcset=\"https:\/\/www.opsinclusivecounselling.ca\/wp-content\/uploads\/2026\/01\/Logo-for-Dalton-Associates-200x55.png 200w, https:\/\/www.opsinclusivecounselling.ca\/wp-content\/uploads\/2026\/01\/Logo-for-Dalton-Associates-400x111.png 400w, https:\/\/www.opsinclusivecounselling.ca\/wp-content\/uploads\/2026\/01\/Logo-for-Dalton-Associates-600x166.png 600w, https:\/\/www.opsinclusivecounselling.ca\/wp-content\/uploads\/2026\/01\/Logo-for-Dalton-Associates-800x221.png 800w, https:\/\/www.opsinclusivecounselling.ca\/wp-content\/uploads\/2026\/01\/Logo-for-Dalton-Associates-1200x332.png 1200w, https:\/\/www.opsinclusivecounselling.ca\/wp-content\/uploads\/2026\/01\/Logo-for-Dalton-Associates.png 2074w\" sizes=\"(max-width: 640px) 100vw, 1200px\" \/><\/a><\/span><\/div><\/div><\/div><div class=\"fusion-layout-column fusion_builder_column fusion-builder-column-5 fusion_builder_column_1_1 1_1 fusion-flex-column\" style=\"--awb-bg-size:cover;--awb-width-large:100%;--awb-margin-top-large:0px;--awb-spacing-right-large:1.92%;--awb-margin-bottom-large:0px;--awb-spacing-left-large:1.92%;--awb-width-medium:100%;--awb-order-medium:0;--awb-spacing-right-medium:1.92%;--awb-spacing-left-medium:1.92%;--awb-width-small:100%;--awb-order-small:0;--awb-spacing-right-small:0.96%;--awb-spacing-left-small:0.96%;\"><div class=\"fusion-column-wrapper fusion-column-has-shadow fusion-flex-justify-content-flex-start fusion-content-layout-column\"><div class=\"fusion-text fusion-text-6\" style=\"--awb-font-size:16px;--awb-line-height:1.6;--awb-text-color:#1a1a1a;--awb-text-font-family:&quot;Open Sans&quot;;--awb-text-font-style:normal;--awb-text-font-weight:400;\"><p>Dalton Associates, fond\u00e9 en 1995, est un organisme de services de sant\u00e9 mentale qui fournit des services de navigation de soins globaux personnalis\u00e9s, ainsi que des services de sant\u00e9 mentale sp\u00e9cialis\u00e9s et garantis de qualit\u00e9 (notamment des services psychologiques, comportementaux, de psychoth\u00e9rapie et de travail social). Notre objectif est de fournir des services adapt\u00e9s \u00e0 la culture, s\u00e9curitaires, accessibles et rapides.<\/p>\n<p>Dalton Associates a \u00e9t\u00e9 choisi comme fournisseur de services de coordination pour le programme de services de counseling inclusifs de la FPO et assurera la coordination et l'administration du programme, en collaboration avec le minist\u00e8re. Cela comprend le soutien aux employ\u00e9s de la FPO et \u00e0 leurs familles afin de trouver une conseill\u00e8re ou un conseiller appropri\u00e9.<\/p>\n<\/div><\/div><\/div><\/div><\/div><div class=\"fusion-fullwidth fullwidth-box fusion-builder-row-6 fusion-flex-container has-pattern-background has-mask-background nonhundred-percent-fullwidth non-hundred-percent-height-scrolling\" style=\"--awb-border-radius-top-left:0px;--awb-border-radius-top-right:0px;--awb-border-radius-bottom-right:0px;--awb-border-radius-bottom-left:0px;--awb-padding-top:60px;--awb-padding-bottom:60px;--awb-padding-bottom-medium:61px;--awb-padding-top-small:46px;--awb-padding-bottom-small:51px;--awb-background-color:#f2f2f2;--awb-flex-wrap:wrap;\" ><div class=\"fusion-builder-row fusion-row fusion-flex-align-items-flex-start fusion-flex-content-wrap\" style=\"max-width:1248px;margin-left: calc(-4% \/ 2 );margin-right: calc(-4% \/ 2 );\"><div class=\"fusion-layout-column fusion_builder_column fusion-builder-column-6 fusion_builder_column_1_1 1_1 fusion-flex-column\" style=\"--awb-bg-size:cover;--awb-width-large:100%;--awb-margin-top-large:0px;--awb-spacing-right-large:6.72%;--awb-margin-bottom-large:0px;--awb-spacing-left-large:6.72%;--awb-width-medium:100%;--awb-order-medium:0;--awb-spacing-right-medium:6.72%;--awb-spacing-left-medium:6.72%;--awb-width-small:100%;--awb-order-small:0;--awb-spacing-right-small:0.96%;--awb-spacing-left-small:0.96%;\"><div class=\"fusion-column-wrapper fusion-column-has-shadow fusion-flex-justify-content-flex-start fusion-content-layout-column\"><i class=\"fb-icon-element-1 fb-icon-element fontawesome-icon fa-question-circle fas circle-no\" style=\"--awb-iconcolor:#367a76;--awb-iconcolor-hover:#367a76;--awb-font-size:50px;--awb-align-self:center;--awb-margin-top:0px;--awb-margin-right:0px;--awb-margin-bottom:15px;--awb-margin-left:0px;\"><\/i><div class=\"fusion-text fusion-text-7 fusion-text-no-margin\" style=\"--awb-content-alignment:center;--awb-text-color:#ffffff;--awb-margin-bottom:15px;\"><h2 class=\"faq-title\">Vous avez des questions sur le programme?<\/h2>\n<\/div><div class=\"fusion-text fusion-text-8\" style=\"--awb-font-size:16px;--awb-line-height:1.6;--awb-text-color:#1a1a1a;--awb-text-font-family:&quot;Open Sans&quot;;--awb-text-font-style:normal;--awb-text-font-weight:400;\"><p style=\"text-align: center;\">Explorez notre liste de foire aux questions sur le programme.<\/p>\n<\/div><div style=\"text-align:center;\"><a class=\"fusion-button button-flat fusion-button-default-size button-custom fusion-button-default button-1 fusion-button-span-no fusion-button-default-type\" style=\"--awb-margin-top:15px;--button_accent_color:#ffffff;--button_border_color:#367a76;--button_accent_hover_color:#367a76;--button_border_hover_color:#367a76;--button_border_width-top:2px;--button_border_width-right:2px;--button_border_width-bottom:2px;--button_border_width-left:2px;--button-border-radius-top-left:4px;--button-border-radius-top-right:4px;--button-border-radius-bottom-right:4px;--button-border-radius-bottom-left:4px;--button_gradient_top_color:#367a76;--button_gradient_bottom_color:#367a76;--button_gradient_top_color_hover:var(--awb-color1);--button_gradient_bottom_color_hover:var(--awb-color1);--button_typography-font-family:&quot;Montserrat&quot;;--button_typography-font-style:normal;--button_typography-font-weight:600;\" target=\"_self\" href=\"https:\/\/www.opsinclusivecounselling.ca\/fr\/about\/faq\/\"><span class=\"fusion-button-text awb-button__text awb-button__text--default\">Voir les FAQ<\/span><\/a><\/div><\/div><\/div><\/div><\/div><\/p>","protected":false},"excerpt":{"rendered":"","protected":false},"author":1,"featured_media":0,"parent":0,"menu_order":0,"comment_status":"closed","ping_status":"closed","template":"100-width.php","meta":{"footnotes":""},"class_list":["post-340","page","type-page","status-publish","hentry"],"yoast_head":"<!-- This site is optimized with the Yoast SEO plugin v27.3 - https:\/\/yoast.com\/product\/yoast-seo-wordpress\/ -->\n<title>About - OPS Inclusive Counselling Services<\/title>\n<meta name=\"robots\" content=\"noindex, nofollow\" \/>\n<meta property=\"og:locale\" content=\"fr_FR\" \/>\n<meta property=\"og:type\" content=\"article\" \/>\n<meta property=\"og:title\" content=\"About - OPS Inclusive Counselling Services\" \/>\n<meta property=\"og:url\" content=\"https:\/\/www.opsinclusivecounselling.ca\/fr\/about\/\" \/>\n<meta property=\"og:site_name\" content=\"OPS Inclusive Counselling Services\" \/>\n<meta property=\"article:modified_time\" content=\"2026-01-27T23:57:53+00:00\" \/>\n<meta property=\"og:image\" content=\"https:\/\/www.opsinclusivecounselling.ca\/wp-content\/uploads\/2023\/08\/OPS-ICS-Social-Media-Image@2x.png\" \/>\n\t<meta property=\"og:image:width\" content=\"2400\" \/>\n\t<meta property=\"og:image:height\" content=\"1260\" \/>\n\t<meta property=\"og:image:type\" content=\"image\/png\" \/>\n<meta name=\"twitter:card\" content=\"summary_large_image\" \/>\n<meta name=\"twitter:image\" content=\"https:\/\/www.opsinclusivecounselling.ca\/wp-content\/uploads\/2023\/08\/OPS-ICS-Social-Media-Image@2x.png\" \/>\n<meta name=\"twitter:label1\" content=\"Est. reading time\" \/>\n\t<meta name=\"twitter:data1\" content=\"7 minutes\" \/>\n<script type=\"application\/ld+json\" class=\"yoast-schema-graph\">{\"@context\":\"https:\\\/\\\/schema.org\",\"@graph\":[{\"@type\":\"WebPage\",\"@id\":\"https:\\\/\\\/www.opsinclusivecounselling.ca\\\/about\\\/\",\"url\":\"https:\\\/\\\/www.opsinclusivecounselling.ca\\\/about\\\/\",\"name\":\"About - OPS Inclusive Counselling Services\",\"isPartOf\":{\"@id\":\"https:\\\/\\\/www.opsinclusivecounselling.ca\\\/#website\"},\"datePublished\":\"2023-07-28T19:04:25+00:00\",\"dateModified\":\"2026-01-27T23:57:53+00:00\",\"breadcrumb\":{\"@id\":\"https:\\\/\\\/www.opsinclusivecounselling.ca\\\/about\\\/#breadcrumb\"},\"inLanguage\":\"fr\",\"potentialAction\":[{\"@type\":\"ReadAction\",\"target\":[\"https:\\\/\\\/www.opsinclusivecounselling.ca\\\/about\\\/\"]}]},{\"@type\":\"BreadcrumbList\",\"@id\":\"https:\\\/\\\/www.opsinclusivecounselling.ca\\\/about\\\/#breadcrumb\",\"itemListElement\":[{\"@type\":\"ListItem\",\"position\":1,\"name\":\"Home\",\"item\":\"https:\\\/\\\/www.opsinclusivecounselling.ca\\\/\"},{\"@type\":\"ListItem\",\"position\":2,\"name\":\"About\"}]},{\"@type\":\"WebSite\",\"@id\":\"https:\\\/\\\/www.opsinclusivecounselling.ca\\\/#website\",\"url\":\"https:\\\/\\\/www.opsinclusivecounselling.ca\\\/\",\"name\":\"OPS Inclusive Counselling Services\",\"description\":\"Mental health support for OPS employees and their family members.\",\"potentialAction\":[{\"@type\":\"SearchAction\",\"target\":{\"@type\":\"EntryPoint\",\"urlTemplate\":\"https:\\\/\\\/www.opsinclusivecounselling.ca\\\/?s={search_term_string}\"},\"query-input\":{\"@type\":\"PropertyValueSpecification\",\"valueRequired\":true,\"valueName\":\"search_term_string\"}}],\"inLanguage\":\"fr\"}]}<\/script>\n<!-- \/ Yoast SEO plugin. -->","yoast_head_json":{"title":"\u00c0 propos - OPS Inclusive Counselling Services","robots":{"index":"noindex","follow":"nofollow"},"og_locale":"fr_FR","og_type":"article","og_title":"About - OPS Inclusive Counselling Services","og_url":"https:\/\/www.opsinclusivecounselling.ca\/fr\/about\/","og_site_name":"OPS Inclusive Counselling Services","article_modified_time":"2026-01-27T23:57:53+00:00","og_image":[{"width":2400,"height":1260,"url":"https:\/\/www.opsinclusivecounselling.ca\/wp-content\/uploads\/2023\/08\/OPS-ICS-Social-Media-Image@2x.png","type":"image\/png"}],"twitter_card":"summary_large_image","twitter_image":"https:\/\/www.opsinclusivecounselling.ca\/wp-content\/uploads\/2023\/08\/OPS-ICS-Social-Media-Image@2x.png","twitter_misc":{"Est. reading time":"7 minutes"},"schema":{"@context":"https:\/\/schema.org","@graph":[{"@type":"WebPage","@id":"https:\/\/www.opsinclusivecounselling.ca\/about\/","url":"https:\/\/www.opsinclusivecounselling.ca\/about\/","name":"\u00c0 propos - OPS Inclusive Counselling Services","isPartOf":{"@id":"https:\/\/www.opsinclusivecounselling.ca\/#website"},"datePublished":"2023-07-28T19:04:25+00:00","dateModified":"2026-01-27T23:57:53+00:00","breadcrumb":{"@id":"https:\/\/www.opsinclusivecounselling.ca\/about\/#breadcrumb"},"inLanguage":"fr","potentialAction":[{"@type":"ReadAction","target":["https:\/\/www.opsinclusivecounselling.ca\/about\/"]}]},{"@type":"BreadcrumbList","@id":"https:\/\/www.opsinclusivecounselling.ca\/about\/#breadcrumb","itemListElement":[{"@type":"ListItem","position":1,"name":"Home","item":"https:\/\/www.opsinclusivecounselling.ca\/"},{"@type":"ListItem","position":2,"name":"About"}]},{"@type":"WebSite","@id":"https:\/\/www.opsinclusivecounselling.ca\/#website","url":"https:\/\/www.opsinclusivecounselling.ca\/","name":"Services de counseling inclusifs FPO","description":"Soutien en mati\u00e8re de sant\u00e9 mentale pour les employ\u00e9s d'OPS et les membres de leur famille.","potentialAction":[{"@type":"SearchAction","target":{"@type":"EntryPoint","urlTemplate":"https:\/\/www.opsinclusivecounselling.ca\/?s={search_term_string}"},"query-input":{"@type":"PropertyValueSpecification","valueRequired":true,"valueName":"search_term_string"}}],"inLanguage":"fr"}]}},"_links":{"self":[{"href":"https:\/\/www.opsinclusivecounselling.ca\/fr\/wp-json\/wp\/v2\/pages\/340","targetHints":{"allow":["GET"]}}],"collection":[{"href":"https:\/\/www.opsinclusivecounselling.ca\/fr\/wp-json\/wp\/v2\/pages"}],"about":[{"href":"https:\/\/www.opsinclusivecounselling.ca\/fr\/wp-json\/wp\/v2\/types\/page"}],"author":[{"embeddable":true,"href":"https:\/\/www.opsinclusivecounselling.ca\/fr\/wp-json\/wp\/v2\/users\/1"}],"replies":[{"embeddable":true,"href":"https:\/\/www.opsinclusivecounselling.ca\/fr\/wp-json\/wp\/v2\/comments?post=340"}],"version-history":[{"count":87,"href":"https:\/\/www.opsinclusivecounselling.ca\/fr\/wp-json\/wp\/v2\/pages\/340\/revisions"}],"predecessor-version":[{"id":2326,"href":"https:\/\/www.opsinclusivecounselling.ca\/fr\/wp-json\/wp\/v2\/pages\/340\/revisions\/2326"}],"wp:attachment":[{"href":"https:\/\/www.opsinclusivecounselling.ca\/fr\/wp-json\/wp\/v2\/media?parent=340"}],"curies":[{"name":"wp","href":"https:\/\/api.w.org\/{rel}","templated":true}]}}