{"id":764,"date":"2023-08-13T01:31:17","date_gmt":"2023-08-13T01:31:17","guid":{"rendered":"https:\/\/www.opsinclusivecounselling.ca\/\/?page_id=764"},"modified":"2024-12-09T15:04:02","modified_gmt":"2024-12-09T15:04:02","slug":"resources","status":"publish","type":"page","link":"https:\/\/www.opsinclusivecounselling.ca\/fr\/resources\/","title":{"rendered":"Ressources"},"content":{"rendered":"<p><div class=\"fusion-fullwidth fullwidth-box fusion-builder-row-1 fusion-flex-container has-pattern-background has-mask-background nonhundred-percent-fullwidth non-hundred-percent-height-scrolling\" style=\"--awb-background-position:center top;--awb-border-radius-top-left:0px;--awb-border-radius-top-right:0px;--awb-border-radius-bottom-right:0px;--awb-border-radius-bottom-left:0px;--awb-padding-top:46px;--awb-padding-bottom:43px;--awb-margin-bottom:0px;--awb-background-color:#367a76;--awb-flex-wrap:wrap;\" ><div class=\"fusion-builder-row fusion-row fusion-flex-align-items-flex-start fusion-flex-content-wrap\" style=\"max-width:1248px;margin-left: calc(-4% \/ 2 );margin-right: calc(-4% \/ 2 );\"><div class=\"fusion-layout-column fusion_builder_column fusion-builder-column-0 fusion_builder_column_1_1 1_1 fusion-flex-column\" style=\"--awb-bg-size:cover;--awb-width-large:100%;--awb-margin-top-large:0px;--awb-spacing-right-large:1.92%;--awb-margin-bottom-large:0px;--awb-spacing-left-large:1.92%;--awb-width-medium:100%;--awb-order-medium:0;--awb-spacing-right-medium:1.92%;--awb-spacing-left-medium:1.92%;--awb-width-small:100%;--awb-order-small:0;--awb-spacing-right-small:1.92%;--awb-spacing-left-small:1.92%;\"><div class=\"fusion-column-wrapper fusion-column-has-shadow fusion-flex-justify-content-flex-start fusion-content-layout-column\"><nav class=\"fusion-breadcrumbs awb-yoast-breadcrumbs fusion-breadcrumbs-1 bread\" style=\"--awb-margin-bottom:20px;--awb-font-size:15px;--awb-text-color:#ffffff;--awb-breadcrumb-sep:&#039;\u00bb&#039;;\" aria-label=\"Fil d&#039;Ariane\"><span><span><a href=\"https:\/\/www.opsinclusivecounselling.ca\/fr\/\">Page d'accueil<\/a><\/span><\/span><\/nav><div class=\"fusion-text fusion-text-1 titlebar\" style=\"--awb-font-size:40px;--awb-line-height:1.2;--awb-letter-spacing:0.04rem;--awb-text-color:#ffffff;--awb-text-font-family:&quot;Montserrat&quot;;--awb-text-font-style:normal;--awb-text-font-weight:700;\"><h1 class=\"titlebar\">Ressources<\/h1>\n<\/div><\/div><\/div><\/div><\/div><div class=\"fusion-fullwidth fullwidth-box fusion-builder-row-2 fusion-flex-container has-pattern-background has-mask-background nonhundred-percent-fullwidth non-hundred-percent-height-scrolling\" style=\"--awb-border-radius-top-left:0px;--awb-border-radius-top-right:0px;--awb-border-radius-bottom-right:0px;--awb-border-radius-bottom-left:0px;--awb-padding-top:50px;--awb-padding-bottom:45px;--awb-flex-wrap:wrap;\" ><div class=\"fusion-builder-row fusion-row fusion-flex-align-items-flex-start fusion-flex-content-wrap\" style=\"max-width:1248px;margin-left: calc(-4% \/ 2 );margin-right: calc(-4% \/ 2 );\"><div class=\"fusion-layout-column fusion_builder_column fusion-builder-column-1 fusion_builder_column_1_1 1_1 fusion-flex-column\" style=\"--awb-bg-size:cover;--awb-width-large:100%;--awb-margin-top-large:0px;--awb-spacing-right-large:1.92%;--awb-margin-bottom-large:15px;--awb-spacing-left-large:1.92%;--awb-width-medium:100%;--awb-order-medium:0;--awb-spacing-right-medium:1.92%;--awb-spacing-left-medium:1.92%;--awb-width-small:100%;--awb-order-small:0;--awb-spacing-right-small:0.96%;--awb-spacing-left-small:0.96%;\"><div class=\"fusion-column-wrapper fusion-column-has-shadow fusion-flex-justify-content-flex-start fusion-content-layout-column\"><div class=\"fusion-text fusion-text-2 fusion-text-no-margin\" style=\"--awb-font-size:16px;--awb-line-height:1.6;--awb-text-color:#1a1a1a;--awb-margin-bottom:30px;--awb-text-font-family:&quot;Open Sans&quot;;--awb-text-font-style:normal;--awb-text-font-weight:400;\"><p>Vous recherchez des ressources suppl\u00e9mentaires? Connex Ontario fournit des informations gratuites et confidentielles sur les services de sant\u00e9, 24 heures sur 24 et 7 jours sur 7, aux personnes en situation de crise ou qui ont des probl\u00e8mes d'alcool et de drogues, de maladie mentale ou de jeu.<\/p>\n<\/div><div style=\"text-align:left;\"><a class=\"fusion-button button-flat fusion-button-default-size button-custom fusion-button-default button-1 fusion-button-span-no fusion-button-default-type\" style=\"--button_accent_color:#ffffff;--button_border_color:#367a76;--button_accent_hover_color:#367a76;--button_border_hover_color:#367a76;--button_border_width-top:2px;--button_border_width-right:2px;--button_border_width-bottom:2px;--button_border_width-left:2px;--button-border-radius-top-left:4px;--button-border-radius-top-right:4px;--button-border-radius-bottom-right:4px;--button-border-radius-bottom-left:4px;--button_gradient_top_color:#367a76;--button_gradient_bottom_color:#367a76;--button_gradient_top_color_hover:var(--awb-color1);--button_gradient_bottom_color_hover:var(--awb-color1);--button_typography-font-family:&quot;Montserrat&quot;;--button_typography-font-style:normal;--button_typography-font-weight:600;\" target=\"_self\" href=\"https:\/\/www.connexontario.ca\/en-ca\/\"><span class=\"fusion-button-text awb-button__text awb-button__text--default\">Visitez Connex Ontario<\/span><i class=\"fa-external-link-alt fas awb-button__icon awb-button__icon--default button-icon-right\" aria-hidden=\"true\"><\/i><\/a><\/div><\/div><\/div><\/div><\/div><\/p>","protected":false},"excerpt":{"rendered":"","protected":false},"author":1,"featured_media":0,"parent":0,"menu_order":0,"comment_status":"closed","ping_status":"closed","template":"100-width.php","meta":{"footnotes":""},"class_list":["post-764","page","type-page","status-publish","hentry"],"yoast_head":"<!-- This site is optimized with the Yoast SEO plugin v27.3 - https:\/\/yoast.com\/product\/yoast-seo-wordpress\/ -->\n<title>Resources - OPS Inclusive Counselling Services<\/title>\n<meta name=\"robots\" content=\"noindex, nofollow\" \/>\n<meta property=\"og:locale\" content=\"fr_FR\" \/>\n<meta property=\"og:type\" content=\"article\" \/>\n<meta property=\"og:title\" content=\"Resources - OPS Inclusive Counselling Services\" \/>\n<meta property=\"og:url\" content=\"https:\/\/www.opsinclusivecounselling.ca\/fr\/resources\/\" \/>\n<meta property=\"og:site_name\" content=\"OPS Inclusive Counselling Services\" \/>\n<meta property=\"article:modified_time\" content=\"2024-12-09T15:04:02+00:00\" \/>\n<meta property=\"og:image\" content=\"https:\/\/www.opsinclusivecounselling.ca\/wp-content\/uploads\/2023\/08\/OPS-ICS-Social-Media-Image@2x.png\" \/>\n\t<meta property=\"og:image:width\" content=\"2400\" \/>\n\t<meta property=\"og:image:height\" content=\"1260\" \/>\n\t<meta property=\"og:image:type\" content=\"image\/png\" \/>\n<meta name=\"twitter:card\" content=\"summary_large_image\" \/>\n<meta name=\"twitter:image\" content=\"https:\/\/www.opsinclusivecounselling.ca\/wp-content\/uploads\/2023\/08\/OPS-ICS-Social-Media-Image@2x.png\" \/>\n<meta name=\"twitter:label1\" content=\"Est. reading time\" \/>\n\t<meta name=\"twitter:data1\" content=\"3 minutes\" \/>\n<script type=\"application\/ld+json\" class=\"yoast-schema-graph\">{\"@context\":\"https:\\\/\\\/schema.org\",\"@graph\":[{\"@type\":\"WebPage\",\"@id\":\"https:\\\/\\\/www.opsinclusivecounselling.ca\\\/resources\\\/\",\"url\":\"https:\\\/\\\/www.opsinclusivecounselling.ca\\\/resources\\\/\",\"name\":\"Resources - OPS Inclusive Counselling Services\",\"isPartOf\":{\"@id\":\"https:\\\/\\\/www.opsinclusivecounselling.ca\\\/#website\"},\"datePublished\":\"2023-08-13T01:31:17+00:00\",\"dateModified\":\"2024-12-09T15:04:02+00:00\",\"breadcrumb\":{\"@id\":\"https:\\\/\\\/www.opsinclusivecounselling.ca\\\/resources\\\/#breadcrumb\"},\"inLanguage\":\"fr\",\"potentialAction\":[{\"@type\":\"ReadAction\",\"target\":[\"https:\\\/\\\/www.opsinclusivecounselling.ca\\\/resources\\\/\"]}]},{\"@type\":\"BreadcrumbList\",\"@id\":\"https:\\\/\\\/www.opsinclusivecounselling.ca\\\/resources\\\/#breadcrumb\",\"itemListElement\":[{\"@type\":\"ListItem\",\"position\":1,\"name\":\"Home\",\"item\":\"https:\\\/\\\/www.opsinclusivecounselling.ca\\\/\"},{\"@type\":\"ListItem\",\"position\":2,\"name\":\"Resources\"}]},{\"@type\":\"WebSite\",\"@id\":\"https:\\\/\\\/www.opsinclusivecounselling.ca\\\/#website\",\"url\":\"https:\\\/\\\/www.opsinclusivecounselling.ca\\\/\",\"name\":\"OPS Inclusive Counselling Services\",\"description\":\"Mental health support for OPS employees and their family members.\",\"potentialAction\":[{\"@type\":\"SearchAction\",\"target\":{\"@type\":\"EntryPoint\",\"urlTemplate\":\"https:\\\/\\\/www.opsinclusivecounselling.ca\\\/?s={search_term_string}\"},\"query-input\":{\"@type\":\"PropertyValueSpecification\",\"valueRequired\":true,\"valueName\":\"search_term_string\"}}],\"inLanguage\":\"fr\"}]}<\/script>\n<!-- \/ Yoast SEO plugin. -->","yoast_head_json":{"title":"Ressources - OPS Inclusive Counselling Services","robots":{"index":"noindex","follow":"nofollow"},"og_locale":"fr_FR","og_type":"article","og_title":"Resources - OPS Inclusive Counselling Services","og_url":"https:\/\/www.opsinclusivecounselling.ca\/fr\/resources\/","og_site_name":"OPS Inclusive Counselling Services","article_modified_time":"2024-12-09T15:04:02+00:00","og_image":[{"width":2400,"height":1260,"url":"https:\/\/www.opsinclusivecounselling.ca\/wp-content\/uploads\/2023\/08\/OPS-ICS-Social-Media-Image@2x.png","type":"image\/png"}],"twitter_card":"summary_large_image","twitter_image":"https:\/\/www.opsinclusivecounselling.ca\/wp-content\/uploads\/2023\/08\/OPS-ICS-Social-Media-Image@2x.png","twitter_misc":{"Est. reading time":"3 minutes"},"schema":{"@context":"https:\/\/schema.org","@graph":[{"@type":"WebPage","@id":"https:\/\/www.opsinclusivecounselling.ca\/resources\/","url":"https:\/\/www.opsinclusivecounselling.ca\/resources\/","name":"Ressources - OPS Inclusive Counselling Services","isPartOf":{"@id":"https:\/\/www.opsinclusivecounselling.ca\/#website"},"datePublished":"2023-08-13T01:31:17+00:00","dateModified":"2024-12-09T15:04:02+00:00","breadcrumb":{"@id":"https:\/\/www.opsinclusivecounselling.ca\/resources\/#breadcrumb"},"inLanguage":"fr","potentialAction":[{"@type":"ReadAction","target":["https:\/\/www.opsinclusivecounselling.ca\/resources\/"]}]},{"@type":"BreadcrumbList","@id":"https:\/\/www.opsinclusivecounselling.ca\/resources\/#breadcrumb","itemListElement":[{"@type":"ListItem","position":1,"name":"Home","item":"https:\/\/www.opsinclusivecounselling.ca\/"},{"@type":"ListItem","position":2,"name":"Resources"}]},{"@type":"WebSite","@id":"https:\/\/www.opsinclusivecounselling.ca\/#website","url":"https:\/\/www.opsinclusivecounselling.ca\/","name":"Services de counseling inclusifs FPO","description":"Soutien en mati\u00e8re de sant\u00e9 mentale pour les employ\u00e9s d'OPS et les membres de leur famille.","potentialAction":[{"@type":"SearchAction","target":{"@type":"EntryPoint","urlTemplate":"https:\/\/www.opsinclusivecounselling.ca\/?s={search_term_string}"},"query-input":{"@type":"PropertyValueSpecification","valueRequired":true,"valueName":"search_term_string"}}],"inLanguage":"fr"}]}},"_links":{"self":[{"href":"https:\/\/www.opsinclusivecounselling.ca\/fr\/wp-json\/wp\/v2\/pages\/764","targetHints":{"allow":["GET"]}}],"collection":[{"href":"https:\/\/www.opsinclusivecounselling.ca\/fr\/wp-json\/wp\/v2\/pages"}],"about":[{"href":"https:\/\/www.opsinclusivecounselling.ca\/fr\/wp-json\/wp\/v2\/types\/page"}],"author":[{"embeddable":true,"href":"https:\/\/www.opsinclusivecounselling.ca\/fr\/wp-json\/wp\/v2\/users\/1"}],"replies":[{"embeddable":true,"href":"https:\/\/www.opsinclusivecounselling.ca\/fr\/wp-json\/wp\/v2\/comments?post=764"}],"version-history":[{"count":19,"href":"https:\/\/www.opsinclusivecounselling.ca\/fr\/wp-json\/wp\/v2\/pages\/764\/revisions"}],"predecessor-version":[{"id":1250,"href":"https:\/\/www.opsinclusivecounselling.ca\/fr\/wp-json\/wp\/v2\/pages\/764\/revisions\/1250"}],"wp:attachment":[{"href":"https:\/\/www.opsinclusivecounselling.ca\/fr\/wp-json\/wp\/v2\/media?parent=764"}],"curies":[{"name":"wp","href":"https:\/\/api.w.org\/{rel}","templated":true}]}}