{"id":826,"date":"2023-08-15T20:10:41","date_gmt":"2023-08-15T20:10:41","guid":{"rendered":"https:\/\/www.opsinclusivecounselling.ca\/\/?page_id=826"},"modified":"2024-10-16T17:37:01","modified_gmt":"2024-10-16T17:37:01","slug":"accessibility","status":"publish","type":"page","link":"https:\/\/www.opsinclusivecounselling.ca\/fr\/accessibility\/","title":{"rendered":"Accessibilit\u00e9"},"content":{"rendered":"<p><div class=\"fusion-fullwidth fullwidth-box fusion-builder-row-1 fusion-flex-container has-pattern-background has-mask-background nonhundred-percent-fullwidth non-hundred-percent-height-scrolling\" style=\"--awb-background-position:center top;--awb-border-radius-top-left:0px;--awb-border-radius-top-right:0px;--awb-border-radius-bottom-right:0px;--awb-border-radius-bottom-left:0px;--awb-padding-top:46px;--awb-padding-bottom:43px;--awb-margin-bottom:0px;--awb-background-color:#367a76;--awb-flex-wrap:wrap;\" ><div class=\"fusion-builder-row fusion-row fusion-flex-align-items-flex-start fusion-flex-content-wrap\" style=\"max-width:1248px;margin-left: calc(-4% \/ 2 );margin-right: calc(-4% \/ 2 );\"><div class=\"fusion-layout-column fusion_builder_column fusion-builder-column-0 fusion_builder_column_1_1 1_1 fusion-flex-column\" style=\"--awb-bg-size:cover;--awb-width-large:100%;--awb-margin-top-large:0px;--awb-spacing-right-large:1.92%;--awb-margin-bottom-large:0px;--awb-spacing-left-large:1.92%;--awb-width-medium:100%;--awb-order-medium:0;--awb-spacing-right-medium:1.92%;--awb-spacing-left-medium:1.92%;--awb-width-small:100%;--awb-order-small:0;--awb-spacing-right-small:1.92%;--awb-spacing-left-small:1.92%;\"><div class=\"fusion-column-wrapper fusion-column-has-shadow fusion-flex-justify-content-flex-start fusion-content-layout-column\"><nav class=\"fusion-breadcrumbs awb-yoast-breadcrumbs fusion-breadcrumbs-1 bread\" style=\"--awb-margin-bottom:20px;--awb-font-size:15px;--awb-text-color:#ffffff;--awb-breadcrumb-sep:&#039;\u00bb&#039;;\" aria-label=\"Fil d&#039;Ariane\"><span><span><a href=\"https:\/\/www.opsinclusivecounselling.ca\/fr\/\">Page d'accueil<\/a><\/span><\/span><\/nav><div class=\"fusion-text fusion-text-1 titlebar\" style=\"--awb-font-size:40px;--awb-line-height:1.2;--awb-letter-spacing:0.04rem;--awb-text-color:#ffffff;--awb-text-font-family:&quot;Montserrat&quot;;--awb-text-font-style:normal;--awb-text-font-weight:700;\"><h1 class=\"titlebar\">Accessibilit\u00e9<\/h1>\n<\/div><\/div><\/div><\/div><\/div><div class=\"fusion-fullwidth fullwidth-box fusion-builder-row-2 fusion-flex-container has-pattern-background has-mask-background nonhundred-percent-fullwidth non-hundred-percent-height-scrolling\" style=\"--awb-border-radius-top-left:0px;--awb-border-radius-top-right:0px;--awb-border-radius-bottom-right:0px;--awb-border-radius-bottom-left:0px;--awb-padding-top:50px;--awb-padding-bottom:20px;--awb-flex-wrap:wrap;\" ><div class=\"fusion-builder-row fusion-row fusion-flex-align-items-flex-start fusion-flex-content-wrap\" style=\"max-width:1248px;margin-left: calc(-4% \/ 2 );margin-right: calc(-4% \/ 2 );\"><div class=\"fusion-layout-column fusion_builder_column fusion-builder-column-1 fusion_builder_column_1_1 1_1 fusion-flex-column\" style=\"--awb-bg-size:cover;--awb-width-large:100%;--awb-margin-top-large:0px;--awb-spacing-right-large:1.92%;--awb-margin-bottom-large:15px;--awb-spacing-left-large:1.92%;--awb-width-medium:100%;--awb-order-medium:0;--awb-spacing-right-medium:1.92%;--awb-spacing-left-medium:1.92%;--awb-width-small:100%;--awb-order-small:0;--awb-spacing-right-small:0.96%;--awb-spacing-left-small:0.96%;\"><div class=\"fusion-column-wrapper fusion-column-has-shadow fusion-flex-justify-content-flex-start fusion-content-layout-column\"><div class=\"fusion-text fusion-text-2\" style=\"--awb-font-size:16px;--awb-line-height:1.6;--awb-text-color:#1a1a1a;--awb-text-font-family:&quot;Open Sans&quot;;--awb-text-font-style:normal;--awb-text-font-weight:400;\"><p>Le personnel de Dalton Associates s\u2019engage \u00e0 l\u2019excellence au service de tous les clients, y compris les personnes en situation de handicap. Nous croyons que chaque personne est unique, et m\u00e9rite notre respect et d\u2019\u00eatre trait\u00e9e avec dignit\u00e9. Nous soutenons les pratiques qui traitent toutes les personnes de mani\u00e8re \u00e9quitable, qui offrent un acc\u00e8s \u00e9quitable \u00e0 nos services de counseling, en tenant compte de la diversit\u00e9 de notre communaut\u00e9, y compris les perspectives individuelles des personnes servies.<\/p>\n<p>Le personnel de Dalton Associates fera tous les efforts raisonnables pour fournir des services accessibles aux personnes en situation de handicap et qui respectent la dignit\u00e9 et l'ind\u00e9pendance de ces personnes. Dans le cas o\u00f9 une personne en situation de handicap a besoin des services du personnel de Dalton Associates, nous prendrons toutes les mesures raisonnables pour accommoder la personne afin que les services soient conformes \u00e0 nos normes \u00e9tablies; en mati\u00e8re de respect de la vie priv\u00e9e, en mati\u00e8re de confidentialit\u00e9 et de professionnalisme. Nous nous efforcerons de garantir que les personnes en situation de handicap aient une chance \u00e9gale d\u2019obtenir, d\u2019utiliser ou de b\u00e9n\u00e9ficier des services psychologiques de Dalton Associates.<\/p>\n<p>Si vous rencontrez des difficult\u00e9s avec le contenu de ce site Web ou si vous avez besoin d'aide, veuillez nous contacter pour obtenir de l'aide.<\/p>\n<\/div><\/div><\/div><\/div><\/div><\/p>","protected":false},"excerpt":{"rendered":"","protected":false},"author":1,"featured_media":0,"parent":0,"menu_order":0,"comment_status":"closed","ping_status":"closed","template":"100-width.php","meta":{"footnotes":""},"class_list":["post-826","page","type-page","status-publish","hentry"],"yoast_head":"<!-- This site is optimized with the Yoast SEO plugin v27.3 - https:\/\/yoast.com\/product\/yoast-seo-wordpress\/ -->\n<title>Accessibility - OPS Inclusive Counselling Services<\/title>\n<meta name=\"robots\" content=\"noindex, nofollow\" \/>\n<meta property=\"og:locale\" content=\"fr_FR\" \/>\n<meta property=\"og:type\" content=\"article\" \/>\n<meta property=\"og:title\" content=\"Accessibility - OPS Inclusive Counselling Services\" \/>\n<meta property=\"og:url\" content=\"https:\/\/www.opsinclusivecounselling.ca\/fr\/accessibility\/\" \/>\n<meta property=\"og:site_name\" content=\"OPS Inclusive Counselling Services\" \/>\n<meta property=\"article:modified_time\" content=\"2024-10-16T17:37:01+00:00\" \/>\n<meta name=\"twitter:card\" content=\"summary_large_image\" \/>\n<meta name=\"twitter:label1\" content=\"Est. reading time\" \/>\n\t<meta name=\"twitter:data1\" content=\"7 minutes\" \/>\n<script type=\"application\/ld+json\" class=\"yoast-schema-graph\">{\"@context\":\"https:\\\/\\\/schema.org\",\"@graph\":[{\"@type\":\"WebPage\",\"@id\":\"https:\\\/\\\/www.opsinclusivecounselling.ca\\\/accessibility\\\/\",\"url\":\"https:\\\/\\\/www.opsinclusivecounselling.ca\\\/accessibility\\\/\",\"name\":\"Accessibility - OPS Inclusive Counselling Services\",\"isPartOf\":{\"@id\":\"https:\\\/\\\/www.opsinclusivecounselling.ca\\\/#website\"},\"datePublished\":\"2023-08-15T20:10:41+00:00\",\"dateModified\":\"2024-10-16T17:37:01+00:00\",\"breadcrumb\":{\"@id\":\"https:\\\/\\\/www.opsinclusivecounselling.ca\\\/accessibility\\\/#breadcrumb\"},\"inLanguage\":\"fr\",\"potentialAction\":[{\"@type\":\"ReadAction\",\"target\":[\"https:\\\/\\\/www.opsinclusivecounselling.ca\\\/accessibility\\\/\"]}]},{\"@type\":\"BreadcrumbList\",\"@id\":\"https:\\\/\\\/www.opsinclusivecounselling.ca\\\/accessibility\\\/#breadcrumb\",\"itemListElement\":[{\"@type\":\"ListItem\",\"position\":1,\"name\":\"Home\",\"item\":\"https:\\\/\\\/www.opsinclusivecounselling.ca\\\/\"},{\"@type\":\"ListItem\",\"position\":2,\"name\":\"Accessibility\"}]},{\"@type\":\"WebSite\",\"@id\":\"https:\\\/\\\/www.opsinclusivecounselling.ca\\\/#website\",\"url\":\"https:\\\/\\\/www.opsinclusivecounselling.ca\\\/\",\"name\":\"OPS Inclusive Counselling Services\",\"description\":\"Mental health support for OPS employees and their family members.\",\"potentialAction\":[{\"@type\":\"SearchAction\",\"target\":{\"@type\":\"EntryPoint\",\"urlTemplate\":\"https:\\\/\\\/www.opsinclusivecounselling.ca\\\/?s={search_term_string}\"},\"query-input\":{\"@type\":\"PropertyValueSpecification\",\"valueRequired\":true,\"valueName\":\"search_term_string\"}}],\"inLanguage\":\"fr\"}]}<\/script>\n<!-- \/ Yoast SEO plugin. -->","yoast_head_json":{"title":"Accessibilit\u00e9 - Services de conseil inclusifs de l'OPS","robots":{"index":"noindex","follow":"nofollow"},"og_locale":"fr_FR","og_type":"article","og_title":"Accessibility - OPS Inclusive Counselling Services","og_url":"https:\/\/www.opsinclusivecounselling.ca\/fr\/accessibility\/","og_site_name":"OPS Inclusive Counselling Services","article_modified_time":"2024-10-16T17:37:01+00:00","twitter_card":"summary_large_image","twitter_misc":{"Est. reading time":"7 minutes"},"schema":{"@context":"https:\/\/schema.org","@graph":[{"@type":"WebPage","@id":"https:\/\/www.opsinclusivecounselling.ca\/accessibility\/","url":"https:\/\/www.opsinclusivecounselling.ca\/accessibility\/","name":"Accessibilit\u00e9 - Services de conseil inclusifs de l'OPS","isPartOf":{"@id":"https:\/\/www.opsinclusivecounselling.ca\/#website"},"datePublished":"2023-08-15T20:10:41+00:00","dateModified":"2024-10-16T17:37:01+00:00","breadcrumb":{"@id":"https:\/\/www.opsinclusivecounselling.ca\/accessibility\/#breadcrumb"},"inLanguage":"fr","potentialAction":[{"@type":"ReadAction","target":["https:\/\/www.opsinclusivecounselling.ca\/accessibility\/"]}]},{"@type":"BreadcrumbList","@id":"https:\/\/www.opsinclusivecounselling.ca\/accessibility\/#breadcrumb","itemListElement":[{"@type":"ListItem","position":1,"name":"Home","item":"https:\/\/www.opsinclusivecounselling.ca\/"},{"@type":"ListItem","position":2,"name":"Accessibility"}]},{"@type":"WebSite","@id":"https:\/\/www.opsinclusivecounselling.ca\/#website","url":"https:\/\/www.opsinclusivecounselling.ca\/","name":"Services de counseling inclusifs FPO","description":"Soutien en mati\u00e8re de sant\u00e9 mentale pour les employ\u00e9s d'OPS et les membres de leur famille.","potentialAction":[{"@type":"SearchAction","target":{"@type":"EntryPoint","urlTemplate":"https:\/\/www.opsinclusivecounselling.ca\/?s={search_term_string}"},"query-input":{"@type":"PropertyValueSpecification","valueRequired":true,"valueName":"search_term_string"}}],"inLanguage":"fr"}]}},"_links":{"self":[{"href":"https:\/\/www.opsinclusivecounselling.ca\/fr\/wp-json\/wp\/v2\/pages\/826","targetHints":{"allow":["GET"]}}],"collection":[{"href":"https:\/\/www.opsinclusivecounselling.ca\/fr\/wp-json\/wp\/v2\/pages"}],"about":[{"href":"https:\/\/www.opsinclusivecounselling.ca\/fr\/wp-json\/wp\/v2\/types\/page"}],"author":[{"embeddable":true,"href":"https:\/\/www.opsinclusivecounselling.ca\/fr\/wp-json\/wp\/v2\/users\/1"}],"replies":[{"embeddable":true,"href":"https:\/\/www.opsinclusivecounselling.ca\/fr\/wp-json\/wp\/v2\/comments?post=826"}],"version-history":[{"count":8,"href":"https:\/\/www.opsinclusivecounselling.ca\/fr\/wp-json\/wp\/v2\/pages\/826\/revisions"}],"predecessor-version":[{"id":1238,"href":"https:\/\/www.opsinclusivecounselling.ca\/fr\/wp-json\/wp\/v2\/pages\/826\/revisions\/1238"}],"wp:attachment":[{"href":"https:\/\/www.opsinclusivecounselling.ca\/fr\/wp-json\/wp\/v2\/media?parent=826"}],"curies":[{"name":"wp","href":"https:\/\/api.w.org\/{rel}","templated":true}]}}